{"id":600,"date":"2024-11-22T07:37:13","date_gmt":"2024-11-22T07:37:13","guid":{"rendered":"http:\/\/best-trade.com\/contact\/"},"modified":"2025-08-21T04:48:31","modified_gmt":"2025-08-21T04:48:31","slug":"contact","status":"publish","type":"page","link":"https:\/\/best-t24.com\/ar\/contact\/","title":{"rendered":"contact"},"content":{"rendered":"<div class=\"inner-page-wrap contact-us-page\">\r\n  <div class=\"container\">\r\n      <div class=\"cont-content\">\r\n          <div class=\"cont-wrap\">\r\n              <div class=\"row align-items-center\">\r\n                  <div class=\"col-xl-4 col-lg-6 col-md-12 col-12\">\r\n                      <div class=\"c-left-side\">\r\n                          <h2>\r\n                              \u062a\u0648\u0627\u0635\u0644 \u0645\u0639\u0646\u0627\r\n                          <\/h2>\r\n                          <div class=\"address-block\">\r\n                              <div class=\"row align-items-center\">\r\n                                  <div class=\"col-xl-2 col-lg-2 col-sm-1 col-12\">\r\n                                      <span class=\"icon c01\"><\/span>\r\n                                  <\/div>\r\n                                  <div class=\"col-xl-10 col-lg-10 col-sm-11 col-12\">\r\n                                      <span> <a href=\"mailto: support@best-t24.com\"> support@best-t24.com <\/a> <\/span>\r\n                                  <\/div>\r\n                                  <div class=\"col-xl-2 col-lg-2 col-sm-1 col-12\">\r\n                                      <span class=\"icon c02\"><\/span>\r\n                                  <\/div>\r\n                                  <div class=\"col-xl-10 col-lg-10 col-sm-11 col-12\">\r\n                               \r\n                                      <span>2039730970 44+<\/span>\r\n                                  <\/div>\r\n                                  <div class=\"col-xl-2 col-lg-2 col-sm-1 col-12\">\r\n                                      <span class=\"icon c03\"><\/span>\r\n                                  <\/div>\r\n                                  <div class=\"col-xl-10 col-md-11 col-sm-11 col-12\">\r\n                                      <span>123 \u0634\u0627\u0631\u0639 \u0627\u0644\u0641\u0648\u0631\u0643\u0633\u060c \u0645\u062f\u064a\u0646\u0629 \u0627\u0644\u062a\u062f\u0627\u0648\u0644\u060c\r\n                                          \u0627\u0644\u0633\u0648\u0642 \u0627\u0644\u0639\u0627\u0644\u0645\u064a\u060c 10101<\/span>\r\n                                  <\/div>\r\n                                  <div class=\"col-xl-12 col-12\">\r\n                                      <img decoding=\"async\" src=\"\/wp-content\/themes\/website-theme\/images\/con-img01.png\" class=\"img-fluid\" alt=\"\">\r\n                                  <\/div>\r\n                              <\/div>\r\n                          <\/div>\r\n                      <\/div>\r\n                  <\/div>\r\n                  <div class=\"col-xl-8 col-lg-6 col-md-12 col-12\">\r\n                      <div class=\"c-right-side\">\r\n                          <div class=\"content_block\" id=\"custom_post_widget-221\"><form class=\"form has-validation-callback\" id=\"reg_form\" method=\"post\">\r\n    <div class=\"form-wrap\">\r\n        <div class=\"form-box\">\r\n            <div class=\"row\">\r\n                <div class=\"col-lg-12\">\r\n                    <div class=\"position-relative mb-4\">\r\n                        <input type=\"text\" name=\"co_name\" id=\"co_name\" class=\"form-control\" placeholder=\"\u0627\u0644\u0627\u0633\u0645 \u0627\u0644\u0643\u0627\u0645\u0644\">\r\n                    <\/div>\r\n                <\/div>\r\n\r\n                <div class=\"col-lg-12\">\r\n                    <div class=\"position-relative mb-4\">\r\n                        <input type=\"text\" name=\"co_email\" id=\"co_email\" class=\"form-control\" data-validation=\"email\" data-validation-error-msg=\"\u064a\u0631\u062c\u0649 \u0625\u062f\u062e\u0627\u0644 \u0628\u0631\u064a\u062f \u0625\u0644\u0643\u062a\u0631\u0648\u0646\u064a \u0635\u0627\u0644\u062d\" placeholder=\"\u0627\u0644\u0628\u0631\u064a\u062f \u0627\u0644\u0625\u0644\u0643\u062a\u0631\u0648\u0646\u064a\">\r\n                    <\/div>\r\n                <\/div>\r\n                <div class=\"col-lg-12\">\r\n                    <div class=\"position-relative mb-4 select-brop-arrow\">\r\n                    <select class=\"form-control custom-input\" name=\"co_country\" id=\"co_country\" onchange=\"change(this.value)\" data-validation=\"required\" data-validation-error-msg=\"Please provide above details\">\r\n                        <!-- <option value=\"\"><\/option> -->\r\n                        <option value=\"US\">Select Country<\/option>\r\n                        <option value=\"AF\">Afghanistan<\/option>\n<option value=\"AX\">Aland Islands<\/option>\n<option value=\"AL\">Albania<\/option>\n<option value=\"DZ\">Algeria<\/option>\n<option value=\"AS\">American Samoa<\/option>\n<option value=\"AD\">Andorra<\/option>\n<option value=\"AO\">Angola<\/option>\n<option value=\"AI\">Anguilla<\/option>\n<option value=\"AQ\">Antarctica<\/option>\n<option value=\"AG\">Antigua and Barbuda<\/option>\n<option value=\"AR\">Argentina<\/option>\n<option value=\"AM\">Armenia<\/option>\n<option value=\"AW\">Aruba<\/option>\n<option value=\"AU\">Australia<\/option>\n<option value=\"AT\">Austria<\/option>\n<option value=\"AZ\">Azerbaijan<\/option>\n<option value=\"BS\">Bahamas<\/option>\n<option value=\"BH\">Bahrain<\/option>\n<option value=\"BD\">Bangladesh<\/option>\n<option value=\"BB\">Barbados<\/option>\n<option value=\"BY\">Belarus<\/option>\n<option value=\"BE\">Belgium<\/option>\n<option value=\"BZ\">Belize<\/option>\n<option value=\"BJ\">Benin<\/option>\n<option value=\"BM\">Bermuda<\/option>\n<option value=\"BT\">Bhutan<\/option>\n<option value=\"BO\">Bolivia<\/option>\n<option value=\"BA\">Bosnia and Herzegovina<\/option>\n<option value=\"BW\">Botswana<\/option>\n<option value=\"BV\">Bouvet Island<\/option>\n<option value=\"BR\">Brazil<\/option>\n<option value=\"IO\">British Indian Ocean Territory<\/option>\n<option value=\"BN\">Brunei<\/option>\n<option value=\"BG\">Bulgaria<\/option>\n<option value=\"BF\">Burkina Faso<\/option>\n<option value=\"BI\">Burundi<\/option>\n<option value=\"KH\">Cambodia<\/option>\n<option value=\"CM\">Cameroon<\/option>\n<option value=\"CA\">Canada<\/option>\n<option value=\"CV\">Cape Verde<\/option>\n<option value=\"KY\">Cayman Islands<\/option>\n<option value=\"CF\">Central African Republic<\/option>\n<option value=\"TD\">Chad<\/option>\n<option value=\"CL\">Chile<\/option>\n<option value=\"CN\">China<\/option>\n<option value=\"CX\">Christmas Island<\/option>\n<option value=\"CC\">Cocos (Keeling) Islands<\/option>\n<option value=\"CO\">Colombia<\/option>\n<option value=\"KM\">Comoros<\/option>\n<option value=\"CG\">Congo (Brazzaville)<\/option>\n<option value=\"CD\">Congo The Democratic Republic Of The<\/option>\n<option value=\"CK\">Cook Islands<\/option>\n<option value=\"CR\">Costa Rica<\/option>\n<option value=\"CI\">Cote D&#8217;Ivoire<\/option>\n<option value=\"HR\">Croatia<\/option>\n<option value=\"CU\">Cuba<\/option>\n<option value=\"CY\">Cyprus<\/option>\n<option value=\"CZ\">Czech Republic<\/option>\n<option value=\"DK\">Denmark<\/option>\n<option value=\"DJ\">Djibouti<\/option>\n<option value=\"DM\">Dominica<\/option>\n<option value=\"DO\">Dominican Republic<\/option>\n<option value=\"EC\">Ecuador<\/option>\n<option value=\"EG\">Egypt<\/option>\n<option value=\"SV\">El Salvador<\/option>\n<option value=\"GQ\">Equatorial Guinea<\/option>\n<option value=\"ER\">Eritrea<\/option>\n<option value=\"EE\">Estonia<\/option>\n<option value=\"ET\">Ethiopia<\/option>\n<option value=\"FK\">Falkland Islands<\/option>\n<option value=\"FO\">Faroe Islands<\/option>\n<option value=\"FJ\">Fiji<\/option>\n<option value=\"FI\">Finland<\/option>\n<option value=\"FR\">France<\/option>\n<option value=\"GF\">French Guiana<\/option>\n<option value=\"PF\">French Polynesia<\/option>\n<option value=\"TF\">French Southern Territories<\/option>\n<option value=\"GA\">Gabon<\/option>\n<option value=\"GM\">Gambia<\/option>\n<option value=\"GE\">Georgia<\/option>\n<option value=\"DE\">Germany<\/option>\n<option value=\"GH\">Ghana<\/option>\n<option value=\"GI\">Gibraltar<\/option>\n<option value=\"GR\">Greece<\/option>\n<option value=\"GL\">Greenland<\/option>\n<option value=\"GD\">Grenada<\/option>\n<option value=\"GP\">Guadeloupe<\/option>\n<option value=\"GU\">Guam<\/option>\n<option value=\"GT\">Guatemala<\/option>\n<option value=\"GG\">Guernsey<\/option>\n<option value=\"GN\">Guinea<\/option>\n<option value=\"GW\">Guinea-Bissau<\/option>\n<option value=\"GY\">Guyana<\/option>\n<option value=\"HT\">Haiti<\/option>\n<option value=\"HM\">Heard Island and McDonald Islands<\/option>\n<option value=\"VA\">Vatican<\/option>\n<option value=\"HN\">Honduras<\/option>\n<option value=\"HK\">Hong Kong<\/option>\n<option value=\"HU\">Hungary<\/option>\n<option value=\"IS\">Iceland<\/option>\n<option value=\"IN\">India<\/option>\n<option value=\"ID\">Indonesia<\/option>\n<option value=\"IR\">Iran Islamic Republic Of<\/option>\n<option value=\"IQ\">Iraq<\/option>\n<option value=\"IE\">Ireland<\/option>\n<option value=\"IM\">Isle of Man<\/option>\n<option value=\"IL\">Israel<\/option>\n<option value=\"IT\">Italy<\/option>\n<option value=\"JM\">Jamaica<\/option>\n<option value=\"JP\">Japan<\/option>\n<option value=\"JE\">Jersey<\/option>\n<option value=\"JO\">Jordan<\/option>\n<option value=\"KZ\">Kazakhstan<\/option>\n<option value=\"KE\">Kenya<\/option>\n<option value=\"KI\">Kiribati<\/option>\n<option value=\"KP\">Korea Democratic People&#8217;S Republic Of<\/option>\n<option value=\"KR\">Korea Republic Of<\/option>\n<option value=\"KW\">Kuwait<\/option>\n<option value=\"KG\">Kyrgyzstan<\/option>\n<option value=\"LA\">Lao People&#8217;S Democratic Republic\n<\/option>\n<option value=\"LV\">Latvia<\/option>\n<option value=\"LB\">Lebanon<\/option>\n<option value=\"LS\">Lesotho<\/option>\n<option value=\"LR\">Liberia<\/option>\n<option value=\"LY\">Libyan Arab Jamahiriya<\/option>\n<option value=\"LI\">Liechtenstein<\/option>\n<option value=\"LT\">Lithuania<\/option>\n<option value=\"LU\">Luxembourg<\/option>\n<option value=\"MO\">Macao<\/option>\n<option value=\"MK\">Macedonia The Former Yugoslav Republic Of<\/option>\n<option value=\"MG\">Madagascar<\/option>\n<option value=\"MW\">Malawi<\/option>\n<option value=\"MY\">Malaysia<\/option>\n<option value=\"MV\">Maldives<\/option>\n<option value=\"ML\">Mali<\/option>\n<option value=\"MT\">Malta<\/option>\n<option value=\"MH\">Marshall Islands<\/option>\n<option value=\"MQ\">Martinique<\/option>\n<option value=\"MR\">Mauritania<\/option>\n<option value=\"MU\">Mauritius<\/option>\n<option value=\"YT\">Mayotte<\/option>\n<option value=\"MX\">Mexico<\/option>\n<option value=\"FM\">Micronesia Federated States Of<\/option>\n<option value=\"MD\">Moldova Republic Of<\/option>\n<option value=\"MC\">Monaco<\/option>\n<option value=\"MN\">Mongolia<\/option>\n<option value=\"MS\">Montserrat<\/option>\n<option value=\"MA\">Morocco<\/option>\n<option value=\"MZ\">Mozambique<\/option>\n<option value=\"MM\">Myanmar<\/option>\n<option value=\"NA\">Namibia<\/option>\n<option value=\"NR\">Nauru<\/option>\n<option value=\"NP\">Nepal<\/option>\n<option value=\"NL\">Netherlands<\/option>\n<option value=\"AN\">Netherlands Antilles<\/option>\n<option value=\"NC\">New Caledonia<\/option>\n<option value=\"NZ\">New Zealand<\/option>\n<option value=\"NI\">Nicaragua<\/option>\n<option value=\"NE\">Niger<\/option>\n<option value=\"NG\">Nigeria<\/option>\n<option value=\"NU\">Niue<\/option>\n<option value=\"NF\">Norfolk Island<\/option>\n<option value=\"MP\">Northern Mariana Islands<\/option>\n<option value=\"NO\">Norway<\/option>\n<option value=\"OM\">Oman<\/option>\n<option value=\"PK\">Pakistan<\/option>\n<option value=\"PW\">Palau<\/option>\n<option value=\"PS\">Palestinian Territory Occupied<\/option>\n<option value=\"PA\">Panama<\/option>\n<option value=\"PG\">Papua New Guinea<\/option>\n<option value=\"PY\">Paraguay<\/option>\n<option value=\"PE\">Peru<\/option>\n<option value=\"PH\">Philippines<\/option>\n<option value=\"PN\">Pitcairn<\/option>\n<option value=\"PL\">Poland<\/option>\n<option value=\"PT\">Portugal<\/option>\n<option value=\"PR\">Puerto Rico<\/option>\n<option value=\"QA\">Qatar<\/option>\n<option value=\"RE\">Reunion<\/option>\n<option value=\"RO\">Romania<\/option>\n<option value=\"RU\">Russian Federation\n<\/option>\n<option value=\"RW\">Rwanda<\/option>\n<option value=\"SH\">Saint Helena<\/option>\n<option value=\"KN\">Saint Kitts and Nevis<\/option>\n<option value=\"LC\">Saint Lucia<\/option>\n<option value=\"PM\">Saint Pierre and Miquelon<\/option>\n<option value=\"VC\">Saint Vincent and the Grenadines<\/option>\n<option value=\"WS\">Samoa<\/option>\n<option value=\"SM\">San Marino<\/option>\n<option value=\"ST\">Sao Tome and Principe<\/option>\n<option value=\"SA\">Saudi Arabia<\/option>\n<option value=\"SN\">Senegal<\/option>\n<option value=\"RS\">Serbia And Montenegro<\/option>\n<option value=\"SC\">Seychelles<\/option>\n<option value=\"SL\">Sierra Leone<\/option>\n<option value=\"SG\">Singapore<\/option>\n<option value=\"SK\">Slovakia<\/option>\n<option value=\"SI\">Slovenia<\/option>\n<option value=\"SB\">Solomon Islands<\/option>\n<option value=\"SO\">Somalia<\/option>\n<option value=\"ZA\">South Africa<\/option>\n<option value=\"GS\">South Georgia and the South Sandwich Islands<\/option>\n<option value=\"ES\">Spain<\/option>\n<option value=\"LK\">Sri Lanka<\/option>\n<option value=\"SD\">Sudan<\/option>\n<option value=\"SR\">Suriname<\/option>\n<option value=\"SJ\">Svalbard and Jan Mayen<\/option>\n<option value=\"SZ\">Swaziland<\/option>\n<option value=\"SE\">Sweden<\/option>\n<option value=\"CH\">Switzerland<\/option>\n<option value=\"SY\">Syrian Arab Republic\n<\/option>\n<option value=\"TW\">Taiwan Province Of China<\/option>\n<option value=\"TJ\">Tajikistan<\/option>\n<option value=\"TZ\">Tanzania United Republic Of<\/option>\n<option value=\"TH\">Thailand<\/option>\n<option value=\"TL\">Timor-Leste<\/option>\n<option value=\"TG\">Togo<\/option>\n<option value=\"TK\">Tokelau<\/option>\n<option value=\"TO\">Tonga<\/option>\n<option value=\"TT\">Trinidad and Tobago<\/option>\n<option value=\"TN\">Tunisia<\/option>\n<option value=\"TR\">Turkey<\/option>\n<option value=\"TM\">Turkmenistan<\/option>\n<option value=\"TC\">Turks and Caicos Islands<\/option>\n<option value=\"TV\">Tuvalu<\/option>\n<option value=\"UG\">Uganda<\/option>\n<option value=\"UA\">Ukraine<\/option>\n<option value=\"AE\">United Arab Emirates<\/option>\n<option value=\"GB\">United Kingdom<\/option>\n<option value=\"US\">United States<\/option>\n<option value=\"UM\">United States Minor Outlying Islands<\/option>\n<option value=\"UY\">Uruguay<\/option>\n<option value=\"UZ\">Uzbekistan<\/option>\n<option value=\"VU\">Vanuatu<\/option>\n<option value=\"VE\">Venezuela<\/option>\n<option value=\"VN\">Viet Nam<\/option>\n<option value=\"VG\">Virgin Islands British<\/option>\n<option value=\"VI\">Virgin Islands U.S.<\/option>\n<option value=\"WF\">Wallis and Futuna<\/option>\n<option value=\"EH\">Western Sahara<\/option>\n<option value=\"YE\">Yemen<\/option>\n<option value=\"ZM\">Zambia<\/option>\n<option value=\"ZW\">Zimbabwe<\/option>\n                    <\/select>\r\n                    <\/div>\r\n                <\/div>\r\n                <div class=\"col-lg-12\">\r\n                    <div class=\"position-relative  mb-4\">\r\n                        <input type=\"text\" name=\"country_code_cont\" id=\"real-countrycode-contact\" class=\"form-control country-code\" value=\"\" readonly>\r\n                        <input type=\"text\" name=\"co_phone\" id=\"co_phone\" class=\"form-control number\" data-validation-length=\"5-12\" data-validation=\"length,number\" placeholder=\"\u0631\u0642\u0645 \u0627\u0644\u0647\u0627\u062a\u0641\">\r\n                    <\/div>\r\n                <\/div>\r\n\r\n                <div class=\"col-lg-12\">\r\n                    <div class=\"position-relative mb-4\">\r\n                        <textarea name=\"co_comment\" id=\"co_comment\" cols=\"30\" rows=\"3\" placeholder=\"\u0627\u0644\u0631\u0633\u0627\u0644\u0629\" class=\"form-control\"><\/textarea>\r\n                    <\/div>\r\n                <\/div>\r\n\r\n                <div class=\"col-lg-4\">\r\n                    <div class=\"form-group position-relative\">\r\n                    <div class=\"g-recaptcha\" id=\"grecaptcha\" name=\"grecaptcha\" data-sitekey=\"6LdkPeUqAAAAAAXcRcMpO-CTdM43ohoPEEXizdcx\" data-callback=\"recaptchaCallback\">\r\n                    <\/div>\r\n                    <input type=\"hidden\" class=\"hiddenRecaptcha required\" name=\"hiddenRecaptcha\" id=\"hiddenRecaptcha\">\r\n                    <span class=\"error_msg_captcha\"><\/span>\r\n                    <\/div>\r\n                <\/div>\r\n\r\n                <div class=\"col-lg-12 col-lg-12 mt-md-4\">\r\n                    <button type=\"submit\" name=\"co_submit1\" id=\"co_submit1\" class=\"common-btn\">\u0625\u0631\u0633\u0627\u0644<\/button>\r\n                    <div class=\"page-loader\" id=\"spinner\" style=\"display: none;\">\r\n                        <i class=\"fa fa-spinner fa-pulse fa-3x fa-fw\"><\/i>\r\n                    <\/div>\r\n                <\/div>\r\n            <\/div>\r\n        <\/div>\r\n    <\/div>\r\n<\/form>\r\n\r\n\r\n<div class=\"modal\" id=\"thankyouModal\" style=\"display: none;\">\r\n    <div class=\"modal-dialog modal-dialog-centered\">\r\n        <div class=\"modal-content text-center\">\r\n\r\n            <!-- Modal Header -->\r\n            <div class=\"modal-header\">\r\n                <img decoding=\"async\" src=\"\/wp-content\/themes\/website-theme\/images\/thank-you.png\" class=\"img-fluid imgcenter\">\r\n                <!--<button type=\"button\" class=\"btn-close\" data-bs-dismiss=\"modal\"><\/button>-->\r\n            <\/div>\r\n\r\n            <!-- Modal body -->\r\n            <div class=\"modal-body\">\r\n                <p class=\"text-center\">Thank you for contacting us!<\/p>\r\n                <p class=\"text-center\">Your practice has been assigned to Stephen Pollard!<\/p>\r\n                <a class=\"\" href=\"\/\" style=\"width:auto;\">Return to home page<\/a>\r\n            <\/div>\r\n\r\n\r\n\r\n        <\/div>\r\n    <\/div>\r\n<\/div>\r\n\r\n\r\n<script src='https:\/\/www.google.com\/recaptcha\/api.js'><\/script>\r\n<script src=\"https:\/\/ajax.googleapis.com\/ajax\/libs\/jquery\/3.5.1\/jquery.min.js\"><\/script>\r\n<script src=\"https:\/\/cdnjs.cloudflare.com\/ajax\/libs\/jquery-validate\/1.19.5\/jquery.validate.min.js\"><\/script>\r\n<script>\r\n    \/\/ jQuery.validate({\r\n    \/\/     modules : 'security,toggleDisabled',\r\n    \/\/     disabledFormFilter : 'form.toggle-disabled',\r\n\r\n    \/\/ });\r\n\r\n    function change(str) {\r\n        jQuery.noConflict();\r\n\r\n        jQuery.ajax({\r\n\r\n            url: \"\/getuser.php\",\r\n            type: \"post\",\r\n            data: \"q=\" + str,\r\n            success: function(a) {\r\n                console.log(a);\r\n\r\n\r\n                jQuery(\"#real-countrycode-contact\").val(a);\r\n            }\r\n        });\r\n    };\r\n\r\n    function recaptchaCallback() {\r\n        $('#hiddenRecaptcha').valid();\r\n    };\r\n    jQuery(document).ready(function($) {\r\n\r\n        $.validator.addMethod(\"IsName\", function(value, element) {\r\n            return this.optional(element) || \/^\\s*[ a-zA-Z\\u0600-\\u06FF\u00e1\u00c1\u00e9\u00c9\u00ed\u00cd\u00f3\u00d3\u00fa\u00da\u00f1\u00d1]+([a-zA-Z\\u0600-\\u06FF\u00e1\u00c1\u00e9\u00c9\u00ed\u00cd\u00f3\u00d3\u00fa\u00da\u00f1\u00d1][ ]{0,1})*[a-zA-Z\\u0600-\\u06FF\u00e1\u00c1\u00e9\u00c9\u00ed\u00cd\u00f3\u00d3\u00fa\u00da\u00f1\u00d1 ]\\s*$\/i.test(value);\r\n        }, \"Please provide valid details\");\r\n\r\n        $.validator.addMethod(\"IsEmail\", function(value, element) {\r\n            return this.optional(element) || \/^([a-zA-Z0-9_.+-])+\\@(([a-zA-Z0-9-])+\\.)+([a-zA-Z0-9]{2,4})+$\/i.test(value);\r\n        }, \"Please provide valid details\");\r\n\r\n\r\n        $.validator.addMethod(\"alphanumeric\", function(value, element) {\r\n            return this.optional(element) || \/^(?=.*\\d)(?=.*[A-Za-z])[0-9A-Za-z]{6,15}$\/i.test(value);\r\n        }, \"Password must include 6-15 alphanumeric characters\");\r\n\r\n        $.validator.addMethod(\"IsNumber\", function(value, element) {\r\n            return this.optional(element) || \/^([0-9]{5,17})+$\/i.test(value);\r\n        }, \"Please provide valid details\");\r\n\r\n        $.validator.addMethod(\"IsAge\", function(value, element) {\r\n            return this.optional(element) || (value >= 0 && value <= 120);\r\n        }, \"Please enter a valid age between 0 and 120\");\r\n\r\n        $.validator.addMethod(\"IsNumberWithTwoDecimals\", function(value, element) {\r\n            return this.optional(element) || \/^\\d+(\\.\\d{1,2})?$\/.test(value);\r\n        }, \"Please enter a valid number with up to 2 decimal places\");\r\n\r\n\r\n        $(\"#reg_form\").validate({\r\n            ignore: \".ignore\",\r\n            errorElement: \"span\",\r\n            rules: {\r\n                co_name: {\r\n                    required: true,\r\n                    IsName: true,\r\n                },\r\n                co_lastname: {\r\n                    required: true,\r\n                    IsName: true,\r\n                },\r\n                co_email: {\r\n                    required: true,\r\n                    IsEmail: true,\r\n\r\n                },\r\n                co_phone: {\r\n                    required: true,\r\n                    IsNumber: true,\r\n                    rangelength: [5, 10]\r\n                },\r\n                co_comment: {\r\n                    required: true,\r\n                },\r\n                age: {\r\n                    required: true,\r\n                    IsAge: true\r\n                },\r\n                sum: {\r\n                    required: true,\r\n                    IsNumberWithTwoDecimals: true\r\n                },\r\n                hiddenRecaptcha: {\r\n                    required: function() {\r\n                        if (grecaptcha.getResponse() == '') {\r\n                            return true;\r\n                        } else {\r\n                            return false;\r\n                        }\r\n                    }\r\n                }\r\n            },\r\n            tooltip_options: {\r\n                thefield: {\r\n                    placement: 'right'\r\n                }\r\n            },\r\n            messages: {\r\n\r\n                co_name: \"Please provide a valid name\",\r\n                co_lastname: \"Please provide a valid last name\",\r\n                co_email: \"Please provide a valid email\",\r\n                co_phone: \"Please provide a valid phone number\",\r\n                co_comment: \"Please provide valid comments\",\r\n                age: \"Please provide valid age\",\r\n                sum: \"Please provide valid sum\",\r\n                hiddenRecaptcha: \"Please complete the verification\",\r\n            },\r\n\r\n            submitHandler: function(form) {\r\n\r\n                $(\"#co_submit1\").hide();\r\n                $(\".page-loader\").show();\r\n                form.submit();\r\n            }\r\n\r\n\r\n        });\r\n    });\r\n<\/script><\/div>\r\n                      <\/div>\r\n                  <\/div>\r\n              <\/div>\r\n          <\/div>\r\n      <\/div>\r\n  <\/div>\r\n<\/div>\r\n","protected":false},"excerpt":{"rendered":"\u062a\u0648\u0627\u0635\u0644 \u0645\u0639\u0646\u0627 support@best-t24.com 2039730970 44+ 123 \u0634\u0627\u0631\u0639 \u0627\u0644\u0641\u0648\u0631\u0643\u0633\u060c \u0645\u062f\u064a\u0646\u0629 \u0627\u0644\u062a\u062f\u0627\u0648\u0644\u060c \u0627\u0644\u0633\u0648\u0642 \u0627\u0644\u0639\u0627\u0644\u0645\u064a\u060c 10101","protected":false},"author":1,"featured_media":0,"parent":0,"menu_order":0,"comment_status":"closed","ping_status":"closed","template":"fullwidth-page.php","meta":{"footnotes":""},"class_list":["post-600","page","type-page","status-publish","hentry"],"_links":{"self":[{"href":"https:\/\/best-t24.com\/ar\/wp-json\/wp\/v2\/pages\/600","targetHints":{"allow":["GET"]}}],"collection":[{"href":"https:\/\/best-t24.com\/ar\/wp-json\/wp\/v2\/pages"}],"about":[{"href":"https:\/\/best-t24.com\/ar\/wp-json\/wp\/v2\/types\/page"}],"author":[{"embeddable":true,"href":"https:\/\/best-t24.com\/ar\/wp-json\/wp\/v2\/users\/1"}],"replies":[{"embeddable":true,"href":"https:\/\/best-t24.com\/ar\/wp-json\/wp\/v2\/comments?post=600"}],"version-history":[{"count":13,"href":"https:\/\/best-t24.com\/ar\/wp-json\/wp\/v2\/pages\/600\/revisions"}],"predecessor-version":[{"id":880,"href":"https:\/\/best-t24.com\/ar\/wp-json\/wp\/v2\/pages\/600\/revisions\/880"}],"wp:attachment":[{"href":"https:\/\/best-t24.com\/ar\/wp-json\/wp\/v2\/media?parent=600"}],"curies":[{"name":"wp","href":"https:\/\/api.w.org\/{rel}","templated":true}]}}